{"id":1062,"date":"2023-02-01T09:12:52","date_gmt":"2023-02-01T09:12:52","guid":{"rendered":"https:\/\/gasikaranews.com\/malagasy\/?page_id=1062"},"modified":"2023-02-01T09:12:52","modified_gmt":"2023-02-01T09:12:52","slug":"fifandraisana","status":"publish","type":"page","link":"https:\/\/gasikaranews.com\/malagasy\/fifandraisana\/","title":{"rendered":"Fifandraisana"},"content":{"rendered":"<section class=\"wpb-content-wrapper\">[vc_row][vc_column][vc_column_text]<span class=\"x4k7w5x x1h91t0o x1h9r5lt xv2umb2 x1beo9mf xaigb6o x12ejxvf x3igimt xarpa2k xedcshv x1lytzrv x1t2pt76 x7ja8zs x1qrby5j x1jfb8zj\">Aza misalasala mifandray aminay raha misy fanontaniana tianao hapetraka<\/span>[\/vc_column_text][\/vc_column][\/vc_row][vc_row][vc_column][vc_empty_space][\/vc_column][\/vc_row][vc_row][vc_column][vc_column_text]<i class=\"fa-solid fa-house\"><\/i> : lot GVI 28 QTER B Soamanandrariny<br \/>\n<i class=\"fa-solid fa-envelope\"><\/i> : contact@gasikaranews.com<br \/>\n<i class=\"fa-sharp fa-solid fa-square-phone\"><\/i> : +261328075856[\/vc_column_text][\/vc_column][\/vc_row][vc_row][vc_column][vc_column_text]Fenoy ny fafana eto ambany raha te-hifandray aminay[\/vc_column_text][\/vc_column][\/vc_row][vc_row][vc_column][vc_column_text]<div class=\"frm_forms  with_frm_style frm_style_style-formidable\" id=\"frm_form_2_container\" data-token=\"e06c81f1c25a9b7df0e981cfd6805e8b\">\n<form enctype=\"multipart\/form-data\" method=\"post\" class=\"frm-show-form \" id=\"form_fifandraisana\"  data-token=\"e06c81f1c25a9b7df0e981cfd6805e8b\">\n<div class=\"frm_form_fields \">\n<fieldset>\n<legend class=\"frm_screen_reader\">fifandraisana<\/legend>\r\n\r\n<div class=\"frm_fields_container\">\n<input type=\"hidden\" name=\"frm_action\" value=\"create\" \/>\n<input type=\"hidden\" name=\"form_id\" value=\"2\" \/>\n<input type=\"hidden\" name=\"frm_hide_fields_2\" id=\"frm_hide_fields_2\" value=\"\" \/>\n<input type=\"hidden\" name=\"form_key\" value=\"fifandraisana\" \/>\n<input type=\"hidden\" name=\"item_meta[0]\" value=\"\" \/>\n<input type=\"hidden\" id=\"frm_submit_entry_2\" name=\"frm_submit_entry_2\" value=\"5dc1195535\" \/><input type=\"hidden\" name=\"_wp_http_referer\" value=\"\/malagasy\/wp-json\/wp\/v2\/pages\/1062\" \/><div id=\"frm_field_6_container\" class=\"frm_form_field form-field  frm_required_field frm_top_container frm6 frm_first\">\r\n    <label for=\"field_j3p22\" id=\"field_j3p22_label\" class=\"frm_primary_label\">Anarana\r\n        <span class=\"frm_required\" aria-hidden=\"true\">*<\/span>\r\n    <\/label>\r\n    <input type=\"text\" id=\"field_j3p22\" name=\"item_meta[6]\" value=\"\"  data-reqmsg=\"Ce champ ne peut pas \u00eatre vide\" aria-required=\"true\" data-invmsg=\"texte est non valide\" aria-invalid=\"false\"  \/>\r\n    \r\n    \r\n<\/div>\n<div id=\"frm_field_7_container\" class=\"frm_form_field form-field  frm_top_container frm6\">\r\n    <label for=\"field_ypov3\" id=\"field_ypov3_label\" class=\"frm_primary_label\">Fanampiny\r\n        <span class=\"frm_required\" aria-hidden=\"true\"><\/span>\r\n    <\/label>\r\n    <input type=\"text\" id=\"field_ypov3\" name=\"item_meta[7]\" value=\"\"  data-invmsg=\"texte est non valide\" aria-invalid=\"false\"  \/>\r\n    \r\n    \r\n<\/div>\n<div id=\"frm_field_8_container\" class=\"frm_form_field form-field  frm_required_field frm_top_container frm6 frm_first\">\r\n    <label for=\"field_uh7mi\" id=\"field_uh7mi_label\" class=\"frm_primary_label\">Adiresy mailaka\r\n        <span class=\"frm_required\" aria-hidden=\"true\">*<\/span>\r\n    <\/label>\r\n    <input type=\"email\" id=\"field_uh7mi\" name=\"item_meta[8]\" value=\"\"  data-reqmsg=\"Ce champ ne peut pas \u00eatre vide\" aria-required=\"true\" data-invmsg=\"Email est non valide\" aria-invalid=\"false\"  \/>\r\n    \r\n    \r\n<\/div>\n<div id=\"frm_field_9_container\" class=\"frm_form_field form-field  frm_required_field frm_top_container frm6\">\r\n    <label for=\"field_1hjrj\" id=\"field_1hjrj_label\" class=\"frm_primary_label\">Finday\r\n        <span class=\"frm_required\" aria-hidden=\"true\">*<\/span>\r\n    <\/label>\r\n    <input type=\"tel\" id=\"field_1hjrj\" name=\"item_meta[9]\" value=\"\"  data-reqmsg=\"Ce champ ne peut pas \u00eatre vide\" aria-required=\"true\" data-invmsg=\"T\u00e9l\u00e9phone est non valide\" aria-invalid=\"false\" pattern=\"((\\+\\d{1,3}(-|.| )?\\(?\\d\\)?(-| |.)?\\d{1,5})|(\\(?\\d{2,6}\\)?))(-|.| )?(\\d{3,4})(-|.| )?(\\d{4})(( x| ext)\\d{1,5}){0,1}$\"  \/>\r\n    \r\n    \r\n<\/div>\n<div id=\"frm_field_10_container\" class=\"frm_form_field form-field  frm_required_field frm_top_container\">\r\n    <label for=\"field_liu0b\" id=\"field_liu0b_label\" class=\"frm_primary_label\">Firenena\r\n        <span class=\"frm_required\" aria-hidden=\"true\">*<\/span>\r\n    <\/label>\r\n    \t\t<select name=\"item_meta[10]\" id=\"field_liu0b\"  data-reqmsg=\"Ce champ ne peut pas \u00eatre vide\" aria-required=\"true\" data-invmsg=\"Firenena est non valide\" aria-invalid=\"false\"  >\n\t\t\t\t<option  value=\"Afghanistan\">\n\t\t\tAfghanistan\t\t<\/option>\n\t\t\t\t<option  value=\"Afrique du Sud\">\n\t\t\tAfrique du Sud\t\t<\/option>\n\t\t\t\t<option  value=\"Albanie\">\n\t\t\tAlbanie\t\t<\/option>\n\t\t\t\t<option  value=\"Alg\u00e9rie\">\n\t\t\tAlg\u00e9rie\t\t<\/option>\n\t\t\t\t<option  value=\"Allemagne\">\n\t\t\tAllemagne\t\t<\/option>\n\t\t\t\t<option  value=\"Andore\">\n\t\t\tAndore\t\t<\/option>\n\t\t\t\t<option  value=\"Angolie\">\n\t\t\tAngolie\t\t<\/option>\n\t\t\t\t<option  value=\"Anguilla\">\n\t\t\tAnguilla\t\t<\/option>\n\t\t\t\t<option  value=\"Antartique\">\n\t\t\tAntartique\t\t<\/option>\n\t\t\t\t<option  value=\"Antigua and Barbuda\">\n\t\t\tAntigua and Barbuda\t\t<\/option>\n\t\t\t\t<option  value=\"Arabie Saoudite\">\n\t\t\tArabie Saoudite\t\t<\/option>\n\t\t\t\t<option  value=\"Argentine\">\n\t\t\tArgentine\t\t<\/option>\n\t\t\t\t<option  value=\"Arm\u00e9nie\">\n\t\t\tArm\u00e9nie\t\t<\/option>\n\t\t\t\t<option  value=\"Aruba\">\n\t\t\tAruba\t\t<\/option>\n\t\t\t\t<option  value=\"Australie\">\n\t\t\tAustralie\t\t<\/option>\n\t\t\t\t<option  value=\"Australier\">\n\t\t\tAustralier\t\t<\/option>\n\t\t\t\t<option  value=\"Azerbaijan\">\n\t\t\tAzerbaijan\t\t<\/option>\n\t\t\t\t<option  value=\"Bahamas\">\n\t\t\tBahamas\t\t<\/option>\n\t\t\t\t<option  value=\"Bahre\u00efn\">\n\t\t\tBahre\u00efn\t\t<\/option>\n\t\t\t\t<option  value=\"Barbade (la)\">\n\t\t\tBarbade (la)\t\t<\/option>\n\t\t\t\t<option  value=\"Belarus\">\n\t\t\tBelarus\t\t<\/option>\n\t\t\t\t<option  value=\"Belgique\">\n\t\t\tBelgique\t\t<\/option>\n\t\t\t\t<option  value=\"Belize\">\n\t\t\tBelize\t\t<\/option>\n\t\t\t\t<option  value=\"Bengladesh\">\n\t\t\tBengladesh\t\t<\/option>\n\t\t\t\t<option  value=\"Benin\">\n\t\t\tBenin\t\t<\/option>\n\t\t\t\t<option  value=\"Bermude\">\n\t\t\tBermude\t\t<\/option>\n\t\t\t\t<option  value=\"Bhoutan\">\n\t\t\tBhoutan\t\t<\/option>\n\t\t\t\t<option  value=\"Bolivie\">\n\t\t\tBolivie\t\t<\/option>\n\t\t\t\t<option  value=\"Bonaire, Sint Eustatius and Saba\">\n\t\t\tBonaire, Sint Eustatius and Saba\t\t<\/option>\n\t\t\t\t<option  value=\"Bosnie et Herzegovie\">\n\t\t\tBosnie et Herzegovie\t\t<\/option>\n\t\t\t\t<option  value=\"Botswana\">\n\t\t\tBotswana\t\t<\/option>\n\t\t\t\t<option  value=\"British Indian Ocean Territory\">\n\t\t\tBritish Indian Ocean Territory\t\t<\/option>\n\t\t\t\t<option  value=\"Brunei\">\n\t\t\tBrunei\t\t<\/option>\n\t\t\t\t<option  value=\"Br\u00e9sil\">\n\t\t\tBr\u00e9sil\t\t<\/option>\n\t\t\t\t<option  value=\"Bulgarie\">\n\t\t\tBulgarie\t\t<\/option>\n\t\t\t\t<option  value=\"Burkina Faso\">\n\t\t\tBurkina Faso\t\t<\/option>\n\t\t\t\t<option  value=\"Burundi\">\n\t\t\tBurundi\t\t<\/option>\n\t\t\t\t<option  value=\"Cambodge\">\n\t\t\tCambodge\t\t<\/option>\n\t\t\t\t<option  value=\"Cameroun\">\n\t\t\tCameroun\t\t<\/option>\n\t\t\t\t<option  value=\"Canada\">\n\t\t\tCanada\t\t<\/option>\n\t\t\t\t<option  value=\"Cap vert\">\n\t\t\tCap vert\t\t<\/option>\n\t\t\t\t<option  value=\"Chile\">\n\t\t\tChile\t\t<\/option>\n\t\t\t\t<option  value=\"Chine\">\n\t\t\tChine\t\t<\/option>\n\t\t\t\t<option  value=\"Christmas Island\">\n\t\t\tChristmas Island\t\t<\/option>\n\t\t\t\t<option  value=\"Chypre\">\n\t\t\tChypre\t\t<\/option>\n\t\t\t\t<option  value=\"Cit\u00e9 du Vatican\">\n\t\t\tCit\u00e9 du Vatican\t\t<\/option>\n\t\t\t\t<option  value=\"Cocos (Keeling) Islands\">\n\t\t\tCocos (Keeling) Islands\t\t<\/option>\n\t\t\t\t<option  value=\"Colombie\">\n\t\t\tColombie\t\t<\/option>\n\t\t\t\t<option  value=\"Comores\">\n\t\t\tComores\t\t<\/option>\n\t\t\t\t<option  value=\"Congo\">\n\t\t\tCongo\t\t<\/option>\n\t\t\t\t<option  value=\"Cook Islands\">\n\t\t\tCook Islands\t\t<\/option>\n\t\t\t\t<option  value=\"Cor\u00e9e du Nord\">\n\t\t\tCor\u00e9e du Nord\t\t<\/option>\n\t\t\t\t<option  value=\"Cor\u00e9e du sud\">\n\t\t\tCor\u00e9e du sud\t\t<\/option>\n\t\t\t\t<option  value=\"Costa Rica\">\n\t\t\tCosta Rica\t\t<\/option>\n\t\t\t\t<option  value=\"Croatie\">\n\t\t\tCroatie\t\t<\/option>\n\t\t\t\t<option  value=\"Cuba\">\n\t\t\tCuba\t\t<\/option>\n\t\t\t\t<option  value=\"Cura\u00e7ao\">\n\t\t\tCura\u00e7ao\t\t<\/option>\n\t\t\t\t<option  value=\"C\u00f4te d&#039;Ivoire\">\n\t\t\tC\u00f4te d&#039;Ivoire\t\t<\/option>\n\t\t\t\t<option  value=\"Danemarque\">\n\t\t\tDanemarque\t\t<\/option>\n\t\t\t\t<option  value=\"Djibouti\">\n\t\t\tDjibouti\t\t<\/option>\n\t\t\t\t<option  value=\"Dominique\">\n\t\t\tDominique\t\t<\/option>\n\t\t\t\t<option  value=\"Espagne\">\n\t\t\tEspagne\t\t<\/option>\n\t\t\t\t<option  value=\"Estonie\">\n\t\t\tEstonie\t\t<\/option>\n\t\t\t\t<option  value=\"Falkland Islands (Malvinas)\">\n\t\t\tFalkland Islands (Malvinas)\t\t<\/option>\n\t\t\t\t<option  value=\"Faroe Islands\">\n\t\t\tFaroe Islands\t\t<\/option>\n\t\t\t\t<option  value=\"Fidji\">\n\t\t\tFidji\t\t<\/option>\n\t\t\t\t<option  value=\"Finlande\">\n\t\t\tFinlande\t\t<\/option>\n\t\t\t\t<option  value=\"France\">\n\t\t\tFrance\t\t<\/option>\n\t\t\t\t<option  value=\"French Southern Territories\">\n\t\t\tFrench Southern Territories\t\t<\/option>\n\t\t\t\t<option  value=\"Gabon\">\n\t\t\tGabon\t\t<\/option>\n\t\t\t\t<option  value=\"Gambie\">\n\t\t\tGambie\t\t<\/option>\n\t\t\t\t<option  value=\"Ghana\">\n\t\t\tGhana\t\t<\/option>\n\t\t\t\t<option  value=\"Gibraltar\">\n\t\t\tGibraltar\t\t<\/option>\n\t\t\t\t<option  value=\"Grenade\">\n\t\t\tGrenade\t\t<\/option>\n\t\t\t\t<option  value=\"Groenland\">\n\t\t\tGroenland\t\t<\/option>\n\t\t\t\t<option  value=\"Gr\u00e8ce\">\n\t\t\tGr\u00e8ce\t\t<\/option>\n\t\t\t\t<option  value=\"Guadeloupe\">\n\t\t\tGuadeloupe\t\t<\/option>\n\t\t\t\t<option  value=\"Guam\">\n\t\t\tGuam\t\t<\/option>\n\t\t\t\t<option  value=\"Guatemala\">\n\t\t\tGuatemala\t\t<\/option>\n\t\t\t\t<option  value=\"Guernesey\">\n\t\t\tGuernesey\t\t<\/option>\n\t\t\t\t<option  value=\"Guin\u00e9e\">\n\t\t\tGuin\u00e9e\t\t<\/option>\n\t\t\t\t<option  value=\"Guin\u00e9e Bissau\">\n\t\t\tGuin\u00e9e Bissau\t\t<\/option>\n\t\t\t\t<option  value=\"Guin\u00e9e \u00c9quatoriale\">\n\t\t\tGuin\u00e9e \u00c9quatoriale\t\t<\/option>\n\t\t\t\t<option  value=\"Guyane\">\n\t\t\tGuyane\t\t<\/option>\n\t\t\t\t<option  value=\"Guyane Fran\u00e7aise\">\n\t\t\tGuyane Fran\u00e7aise\t\t<\/option>\n\t\t\t\t<option  value=\"G\u00e9orgie\">\n\t\t\tG\u00e9orgie\t\t<\/option>\n\t\t\t\t<option  value=\"Haiti\">\n\t\t\tHaiti\t\t<\/option>\n\t\t\t\t<option  value=\"Heard Island and McDonald Islands\">\n\t\t\tHeard Island and McDonald Islands\t\t<\/option>\n\t\t\t\t<option  value=\"Holy See\">\n\t\t\tHoly See\t\t<\/option>\n\t\t\t\t<option  value=\"Honduras\">\n\t\t\tHonduras\t\t<\/option>\n\t\t\t\t<option  value=\"Hong Kong\">\n\t\t\tHong Kong\t\t<\/option>\n\t\t\t\t<option  value=\"Hongrie\">\n\t\t\tHongrie\t\t<\/option>\n\t\t\t\t<option  value=\"Inde\">\n\t\t\tInde\t\t<\/option>\n\t\t\t\t<option  value=\"Indon\u00e9sie\">\n\t\t\tIndon\u00e9sie\t\t<\/option>\n\t\t\t\t<option  value=\"Iran\">\n\t\t\tIran\t\t<\/option>\n\t\t\t\t<option  value=\"Iraq\">\n\t\t\tIraq\t\t<\/option>\n\t\t\t\t<option  value=\"Irlande\">\n\t\t\tIrlande\t\t<\/option>\n\t\t\t\t<option  value=\"Islande\">\n\t\t\tIslande\t\t<\/option>\n\t\t\t\t<option  value=\"Isle of Man\">\n\t\t\tIsle of Man\t\t<\/option>\n\t\t\t\t<option  value=\"Isra\u00ebl\">\n\t\t\tIsra\u00ebl\t\t<\/option>\n\t\t\t\t<option  value=\"Italie\">\n\t\t\tItalie\t\t<\/option>\n\t\t\t\t<option  value=\"Jama\u00efque\">\n\t\t\tJama\u00efque\t\t<\/option>\n\t\t\t\t<option  value=\"Japon\">\n\t\t\tJapon\t\t<\/option>\n\t\t\t\t<option  value=\"Jersey\">\n\t\t\tJersey\t\t<\/option>\n\t\t\t\t<option  value=\"Jordanie\">\n\t\t\tJordanie\t\t<\/option>\n\t\t\t\t<option  value=\"Kazakhstan\">\n\t\t\tKazakhstan\t\t<\/option>\n\t\t\t\t<option  value=\"Kenia\">\n\t\t\tKenia\t\t<\/option>\n\t\t\t\t<option  value=\"Kirghizistan\">\n\t\t\tKirghizistan\t\t<\/option>\n\t\t\t\t<option  value=\"Kiribati\">\n\t\t\tKiribati\t\t<\/option>\n\t\t\t\t<option  value=\"Kosovo\">\n\t\t\tKosovo\t\t<\/option>\n\t\t\t\t<option  value=\"Koweit\">\n\t\t\tKoweit\t\t<\/option>\n\t\t\t\t<option  value=\"Laos\">\n\t\t\tLaos\t\t<\/option>\n\t\t\t\t<option  value=\"Lesotho\">\n\t\t\tLesotho\t\t<\/option>\n\t\t\t\t<option  value=\"Lettonie\">\n\t\t\tLettonie\t\t<\/option>\n\t\t\t\t<option  value=\"Liban\">\n\t\t\tLiban\t\t<\/option>\n\t\t\t\t<option  value=\"Libye\">\n\t\t\tLibye\t\t<\/option>\n\t\t\t\t<option  value=\"Lib\u00e9ria\">\n\t\t\tLib\u00e9ria\t\t<\/option>\n\t\t\t\t<option  value=\"Liechtenstein\">\n\t\t\tLiechtenstein\t\t<\/option>\n\t\t\t\t<option  value=\"Lituanie\">\n\t\t\tLituanie\t\t<\/option>\n\t\t\t\t<option  value=\"Luxembourg\">\n\t\t\tLuxembourg\t\t<\/option>\n\t\t\t\t<option  value=\"Macao\">\n\t\t\tMacao\t\t<\/option>\n\t\t\t\t<option  value=\"Mac\u00e9doine\">\n\t\t\tMac\u00e9doine\t\t<\/option>\n\t\t\t\t<option  value=\"Madagascar\">\n\t\t\tMadagascar\t\t<\/option>\n\t\t\t\t<option  value=\"Malaisie\">\n\t\t\tMalaisie\t\t<\/option>\n\t\t\t\t<option  value=\"Malawi\">\n\t\t\tMalawi\t\t<\/option>\n\t\t\t\t<option  value=\"Maldives\">\n\t\t\tMaldives\t\t<\/option>\n\t\t\t\t<option  value=\"Mali\">\n\t\t\tMali\t\t<\/option>\n\t\t\t\t<option  value=\"Malte\">\n\t\t\tMalte\t\t<\/option>\n\t\t\t\t<option  value=\"Maroc\">\n\t\t\tMaroc\t\t<\/option>\n\t\t\t\t<option  value=\"Martinique\">\n\t\t\tMartinique\t\t<\/option>\n\t\t\t\t<option  value=\"Mauritanie\">\n\t\t\tMauritanie\t\t<\/option>\n\t\t\t\t<option  value=\"Mayotte\">\n\t\t\tMayotte\t\t<\/option>\n\t\t\t\t<option  value=\"Mexique\">\n\t\t\tMexique\t\t<\/option>\n\t\t\t\t<option  value=\"Micron\u00e9sie\">\n\t\t\tMicron\u00e9sie\t\t<\/option>\n\t\t\t\t<option  value=\"Moldavie\">\n\t\t\tMoldavie\t\t<\/option>\n\t\t\t\t<option  value=\"Monaco\">\n\t\t\tMonaco\t\t<\/option>\n\t\t\t\t<option  value=\"Mongolie\">\n\t\t\tMongolie\t\t<\/option>\n\t\t\t\t<option  value=\"Montserrat\">\n\t\t\tMontserrat\t\t<\/option>\n\t\t\t\t<option  value=\"Mont\u00e9n\u00e9gro\">\n\t\t\tMont\u00e9n\u00e9gro\t\t<\/option>\n\t\t\t\t<option  value=\"Mozambique\">\n\t\t\tMozambique\t\t<\/option>\n\t\t\t\t<option  value=\"Myanmar\">\n\t\t\tMyanmar\t\t<\/option>\n\t\t\t\t<option  value=\"Namibie\">\n\t\t\tNamibie\t\t<\/option>\n\t\t\t\t<option  value=\"Nauru\">\n\t\t\tNauru\t\t<\/option>\n\t\t\t\t<option  value=\"Nepal\">\n\t\t\tNepal\t\t<\/option>\n\t\t\t\t<option  value=\"Nicaragua\">\n\t\t\tNicaragua\t\t<\/option>\n\t\t\t\t<option  value=\"Niger\">\n\t\t\tNiger\t\t<\/option>\n\t\t\t\t<option  value=\"Nigeria\">\n\t\t\tNigeria\t\t<\/option>\n\t\t\t\t<option  value=\"Niue\">\n\t\t\tNiue\t\t<\/option>\n\t\t\t\t<option  value=\"Norfolk Island\">\n\t\t\tNorfolk Island\t\t<\/option>\n\t\t\t\t<option  value=\"Norv\u00e8ge\">\n\t\t\tNorv\u00e8ge\t\t<\/option>\n\t\t\t\t<option  value=\"Nouvelle Z\u00e9lande\">\n\t\t\tNouvelle Z\u00e9lande\t\t<\/option>\n\t\t\t\t<option  value=\"Nouvelle-Cal\u00e9donie\">\n\t\t\tNouvelle-Cal\u00e9donie\t\t<\/option>\n\t\t\t\t<option  value=\"Oman\">\n\t\t\tOman\t\t<\/option>\n\t\t\t\t<option  value=\"Ouganda\">\n\t\t\tOuganda\t\t<\/option>\n\t\t\t\t<option  value=\"Ouzb\u00e9kistan\">\n\t\t\tOuzb\u00e9kistan\t\t<\/option>\n\t\t\t\t<option  value=\"Pakistan\">\n\t\t\tPakistan\t\t<\/option>\n\t\t\t\t<option  value=\"Palau\">\n\t\t\tPalau\t\t<\/option>\n\t\t\t\t<option  value=\"Palestine\">\n\t\t\tPalestine\t\t<\/option>\n\t\t\t\t<option  value=\"Panama\">\n\t\t\tPanama\t\t<\/option>\n\t\t\t\t<option  value=\"Papouasie-Nouvelle-Guin\u00e9e\">\n\t\t\tPapouasie-Nouvelle-Guin\u00e9e\t\t<\/option>\n\t\t\t\t<option  value=\"Paraguay\">\n\t\t\tParaguay\t\t<\/option>\n\t\t\t\t<option  value=\"Pays-bas\">\n\t\t\tPays-bas\t\t<\/option>\n\t\t\t\t<option  value=\"Philippines\">\n\t\t\tPhilippines\t\t<\/option>\n\t\t\t\t<option  value=\"Pitcairn\">\n\t\t\tPitcairn\t\t<\/option>\n\t\t\t\t<option  value=\"Pologne\">\n\t\t\tPologne\t\t<\/option>\n\t\t\t\t<option  value=\"Polyn\u00e9sie Fran\u00e7aise\">\n\t\t\tPolyn\u00e9sie Fran\u00e7aise\t\t<\/option>\n\t\t\t\t<option  value=\"Portugal\">\n\t\t\tPortugal\t\t<\/option>\n\t\t\t\t<option  value=\"Puerto Rico\">\n\t\t\tPuerto Rico\t\t<\/option>\n\t\t\t\t<option  value=\"P\u00e9rou\">\n\t\t\tP\u00e9rou\t\t<\/option>\n\t\t\t\t<option  value=\"Qatar\">\n\t\t\tQatar\t\t<\/option>\n\t\t\t\t<option  value=\"Reunion\">\n\t\t\tReunion\t\t<\/option>\n\t\t\t\t<option  value=\"Roumanie\">\n\t\t\tRoumanie\t\t<\/option>\n\t\t\t\t<option  value=\"Rouwanda\">\n\t\t\tRouwanda\t\t<\/option>\n\t\t\t\t<option  value=\"Royaume-Uni\">\n\t\t\tRoyaume-Uni\t\t<\/option>\n\t\t\t\t<option  value=\"Russie\">\n\t\t\tRussie\t\t<\/option>\n\t\t\t\t<option  value=\"R\u00e9publique Dominicaine\">\n\t\t\tR\u00e9publique Dominicaine\t\t<\/option>\n\t\t\t\t<option  value=\"R\u00e9publique Tch\u00e8que\">\n\t\t\tR\u00e9publique Tch\u00e8que\t\t<\/option>\n\t\t\t\t<option  value=\"R\u00e9publique centrafricaine\">\n\t\t\tR\u00e9publique centrafricaine\t\t<\/option>\n\t\t\t\t<option  value=\"Saint Barthelemy\">\n\t\t\tSaint Barthelemy\t\t<\/option>\n\t\t\t\t<option  value=\"Saint Helena, Ascension and Tristan da Cunha\">\n\t\t\tSaint Helena, Ascension and Tristan da Cunha\t\t<\/option>\n\t\t\t\t<option  value=\"Saint Martin (French part)\">\n\t\t\tSaint Martin (French part)\t\t<\/option>\n\t\t\t\t<option  value=\"Saint Pierre and Miquelon\">\n\t\t\tSaint Pierre and Miquelon\t\t<\/option>\n\t\t\t\t<option  value=\"Saint Vincent et les Grenadines\">\n\t\t\tSaint Vincent et les Grenadines\t\t<\/option>\n\t\t\t\t<option  value=\"Saint-Christophe-et-Ni\u00e9v\u00e8s\">\n\t\t\tSaint-Christophe-et-Ni\u00e9v\u00e8s\t\t<\/option>\n\t\t\t\t<option  value=\"Salvador (le)\">\n\t\t\tSalvador (le)\t\t<\/option>\n\t\t\t\t<option  value=\"Samoa\">\n\t\t\tSamoa\t\t<\/option>\n\t\t\t\t<option  value=\"San Marino\">\n\t\t\tSan Marino\t\t<\/option>\n\t\t\t\t<option  value=\"Sante Lucie\">\n\t\t\tSante Lucie\t\t<\/option>\n\t\t\t\t<option  value=\"Sao Tome and Principe\">\n\t\t\tSao Tome and Principe\t\t<\/option>\n\t\t\t\t<option  value=\"Senegal\">\n\t\t\tSenegal\t\t<\/option>\n\t\t\t\t<option  value=\"Serbia\">\n\t\t\tSerbia\t\t<\/option>\n\t\t\t\t<option  value=\"Seychelles\">\n\t\t\tSeychelles\t\t<\/option>\n\t\t\t\t<option  value=\"Sierra Leone\">\n\t\t\tSierra Leone\t\t<\/option>\n\t\t\t\t<option  value=\"Singapour\">\n\t\t\tSingapour\t\t<\/option>\n\t\t\t\t<option  value=\"Sint Maarten (Dutch part)\">\n\t\t\tSint Maarten (Dutch part)\t\t<\/option>\n\t\t\t\t<option  value=\"Slovaquie\">\n\t\t\tSlovaquie\t\t<\/option>\n\t\t\t\t<option  value=\"Slov\u00e9nie\">\n\t\t\tSlov\u00e9nie\t\t<\/option>\n\t\t\t\t<option  value=\"Somalie\">\n\t\t\tSomalie\t\t<\/option>\n\t\t\t\t<option  value=\"Soudan\">\n\t\t\tSoudan\t\t<\/option>\n\t\t\t\t<option  value=\"Soudan du Sud\">\n\t\t\tSoudan du Sud\t\t<\/option>\n\t\t\t\t<option  value=\"South Georgia and the South Sandwich Islands\">\n\t\t\tSouth Georgia and the South Sandwich Islands\t\t<\/option>\n\t\t\t\t<option  value=\"Sri Lanka\">\n\t\t\tSri Lanka\t\t<\/option>\n\t\t\t\t<option  value=\"Suisse\">\n\t\t\tSuisse\t\t<\/option>\n\t\t\t\t<option  value=\"Surinam\">\n\t\t\tSurinam\t\t<\/option>\n\t\t\t\t<option  value=\"Su\u00e8de\">\n\t\t\tSu\u00e8de\t\t<\/option>\n\t\t\t\t<option  value=\"Svalbard and Jan Mayen\">\n\t\t\tSvalbard and Jan Mayen\t\t<\/option>\n\t\t\t\t<option  value=\"Swaziland\">\n\t\t\tSwaziland\t\t<\/option>\n\t\t\t\t<option  value=\"Syrie\">\n\t\t\tSyrie\t\t<\/option>\n\t\t\t\t<option  value=\"Tadjikistan\">\n\t\t\tTadjikistan\t\t<\/option>\n\t\t\t\t<option  value=\"Taiwan\">\n\t\t\tTaiwan\t\t<\/option>\n\t\t\t\t<option  value=\"Tanzanie\">\n\t\t\tTanzanie\t\t<\/option>\n\t\t\t\t<option  value=\"Tchad\">\n\t\t\tTchad\t\t<\/option>\n\t\t\t\t<option  value=\"Tha\u00eflande\">\n\t\t\tTha\u00eflande\t\t<\/option>\n\t\t\t\t<option  value=\"Timor-Leste\">\n\t\t\tTimor-Leste\t\t<\/option>\n\t\t\t\t<option  value=\"Timor-Oriental\">\n\t\t\tTimor-Oriental\t\t<\/option>\n\t\t\t\t<option  value=\"Togo\">\n\t\t\tTogo\t\t<\/option>\n\t\t\t\t<option  value=\"Tokelau\">\n\t\t\tTokelau\t\t<\/option>\n\t\t\t\t<option  value=\"Tonga\">\n\t\t\tTonga\t\t<\/option>\n\t\t\t\t<option  value=\"Trinit\u00e9 et Tobago\">\n\t\t\tTrinit\u00e9 et Tobago\t\t<\/option>\n\t\t\t\t<option  value=\"Tunisie\">\n\t\t\tTunisie\t\t<\/option>\n\t\t\t\t<option  value=\"Turkm\u00e9nistan\">\n\t\t\tTurkm\u00e9nistan\t\t<\/option>\n\t\t\t\t<option  value=\"Turks and Caicos Islands\">\n\t\t\tTurks and Caicos Islands\t\t<\/option>\n\t\t\t\t<option  value=\"Turquie\">\n\t\t\tTurquie\t\t<\/option>\n\t\t\t\t<option  value=\"Tuvalu\">\n\t\t\tTuvalu\t\t<\/option>\n\t\t\t\t<option  value=\"Ukraine\">\n\t\t\tUkraine\t\t<\/option>\n\t\t\t\t<option  value=\"United States Minor Outlying Islands\">\n\t\t\tUnited States Minor Outlying Islands\t\t<\/option>\n\t\t\t\t<option  value=\"Uruguay\">\n\t\t\tUruguay\t\t<\/option>\n\t\t\t\t<option  value=\"Vanuatu\">\n\t\t\tVanuatu\t\t<\/option>\n\t\t\t\t<option  value=\"Vietnam\">\n\t\t\tVietnam\t\t<\/option>\n\t\t\t\t<option  value=\"V\u00e9n\u00e9zu\u00e9la\">\n\t\t\tV\u00e9n\u00e9zu\u00e9la\t\t<\/option>\n\t\t\t\t<option  value=\"Wallis and Futuna\">\n\t\t\tWallis and Futuna\t\t<\/option>\n\t\t\t\t<option  value=\"Western Sahara\">\n\t\t\tWestern Sahara\t\t<\/option>\n\t\t\t\t<option  value=\"Y\u00e9men\">\n\t\t\tY\u00e9men\t\t<\/option>\n\t\t\t\t<option  value=\"Zambie\">\n\t\t\tZambie\t\t<\/option>\n\t\t\t\t<option  value=\"Zimbabwe\">\n\t\t\tZimbabwe\t\t<\/option>\n\t\t\t\t<option  value=\"\u00c9gypte\">\n\t\t\t\u00c9gypte\t\t<\/option>\n\t\t\t\t<option  value=\"\u00c9mirats Arabes Unis\">\n\t\t\t\u00c9mirats Arabes Unis\t\t<\/option>\n\t\t\t\t<option  value=\"\u00c9quateur\">\n\t\t\t\u00c9quateur\t\t<\/option>\n\t\t\t\t<option  value=\"\u00c9rythr\u00e9e (l\u2019)\">\n\t\t\t\u00c9rythr\u00e9e (l\u2019)\t\t<\/option>\n\t\t\t\t<option  value=\"\u00c9tats-Unis\">\n\t\t\t\u00c9tats-Unis\t\t<\/option>\n\t\t\t\t<option  value=\"\u00c9thiopie\">\n\t\t\t\u00c9thiopie\t\t<\/option>\n\t\t\t\t<option  value=\"\u00cele Bouvet\">\n\t\t\t\u00cele Bouvet\t\t<\/option>\n\t\t\t\t<option  value=\"\u00cele Maurice\">\n\t\t\t\u00cele Maurice\t\t<\/option>\n\t\t\t\t<option  value=\"\u00celes Ca\u00efmans\">\n\t\t\t\u00celes Ca\u00efmans\t\t<\/option>\n\t\t\t\t<option  value=\"\u00celes Falkland\">\n\t\t\t\u00celes Falkland\t\t<\/option>\n\t\t\t\t<option  value=\"\u00celes Mariannes du Nord\">\n\t\t\t\u00celes Mariannes du Nord\t\t<\/option>\n\t\t\t\t<option  value=\"\u00celes Marshall\">\n\t\t\t\u00celes Marshall\t\t<\/option>\n\t\t\t\t<option  value=\"\u00celes Salomon\">\n\t\t\t\u00celes Salomon\t\t<\/option>\n\t\t\t\t<option  value=\"\u00celes Samoa Am\u00e9ricaines\">\n\t\t\t\u00celes Samoa Am\u00e9ricaines\t\t<\/option>\n\t\t\t\t<option  value=\"\u00celes Vierges britanniques\">\n\t\t\t\u00celes Vierges britanniques\t\t<\/option>\n\t\t\t\t<option  value=\"\u00celes Vierges des \u00c9tats-Unis\">\n\t\t\t\u00celes Vierges des \u00c9tats-Unis\t\t<\/option>\n\t\t\t<\/select>\n\t\r\n    \r\n    \r\n<\/div>\n<div id=\"frm_field_11_container\" class=\"frm_form_field form-field  frm_required_field frm_top_container\">\r\n    <label for=\"field_pnl9w\" id=\"field_pnl9w_label\" class=\"frm_primary_label\">Antony hanoratana\r\n        <span class=\"frm_required\" aria-hidden=\"true\">*<\/span>\r\n    <\/label>\r\n    <input type=\"text\" id=\"field_pnl9w\" name=\"item_meta[11]\" value=\"\"  data-reqmsg=\"Ce champ ne peut pas \u00eatre vide\" aria-required=\"true\" data-invmsg=\"texte est non valide\" aria-invalid=\"false\"  \/>\r\n    \r\n    \r\n<\/div>\n<div id=\"frm_field_12_container\" class=\"frm_form_field form-field  frm_required_field frm_top_container\">\r\n    <label for=\"field_14btc\" id=\"field_14btc_label\" class=\"frm_primary_label\">Hafatra\r\n        <span class=\"frm_required\" aria-hidden=\"true\">*<\/span>\r\n    <\/label>\r\n    <textarea name=\"item_meta[12]\" id=\"field_14btc\" rows=\"5\"  data-reqmsg=\"Ce champ ne peut pas \u00eatre vide\" aria-required=\"true\" data-invmsg=\"Hafatra est non valide\" aria-invalid=\"false\"  ><\/textarea>\r\n    \r\n    \r\n<\/div>\n\t<input type=\"hidden\" name=\"item_key\" value=\"\" \/>\n\t\t\t\t<div class=\"frm_verify\" aria-hidden=\"true\">\n\t\t\t\t<label for=\"frm_email_2\">\n\t\t\t\t\tSi vous \u00eates un humain, ne remplissez pas ce champ.\t\t\t\t<\/label>\n\t\t\t\t<input type=\"text\" class=\"frm_verify\" id=\"frm_email_2\" name=\"frm_verify\" value=\"\"  \/>\n\t\t\t<\/div>\n\t\t<div class=\"frm_submit\">\r\n\r\n<button class=\"frm_button_submit\" type=\"submit\"  >ALEFASO<\/button>\r\n\r\n\r\n<\/div><\/div>\n<\/fieldset>\n<\/div>\n<p style=\"display: none !important;\"><label>&#916;<textarea name=\"ak_hp_textarea\" cols=\"45\" rows=\"8\" maxlength=\"100\"><\/textarea><\/label><input type=\"hidden\" id=\"ak_js_1\" name=\"ak_js\" value=\"72\"\/><script>document.getElementById( \"ak_js_1\" ).setAttribute( \"value\", ( new Date() ).getTime() );<\/script><\/p><\/form>\n<\/div>\n[\/vc_column_text][\/vc_column][\/vc_row]\n<\/section>","protected":false},"excerpt":{"rendered":"<p>[vc_row][vc_column][vc_column_text]Aza misalasala mifandray aminay raha misy fanontaniana tianao hapetraka[\/vc_column_text][\/vc_column][\/vc_row][vc_row][vc_column][vc_empty_space][\/vc_column][\/vc_row][vc_row][vc_column][vc_column_text] : lot GVI 28 QTER B Soamanandrariny : contact@gasikaranews.com : +261328075856[\/vc_column_text][\/vc_column][\/vc_row][vc_row][vc_column][vc_column_text]Fenoy ny fafana eto ambany raha te-hifandray aminay[\/vc_column_text][\/vc_column][\/vc_row][vc_row][vc_column][vc_column_text][\/vc_column_text][\/vc_column][\/vc_row]<\/p>\n","protected":false},"author":2,"featured_media":0,"parent":0,"menu_order":0,"comment_status":"closed","ping_status":"closed","template":"","meta":{"footnotes":""},"class_list":["post-1062","page","type-page","status-publish","hentry"],"_links":{"self":[{"href":"https:\/\/gasikaranews.com\/malagasy\/wp-json\/wp\/v2\/pages\/1062","targetHints":{"allow":["GET"]}}],"collection":[{"href":"https:\/\/gasikaranews.com\/malagasy\/wp-json\/wp\/v2\/pages"}],"about":[{"href":"https:\/\/gasikaranews.com\/malagasy\/wp-json\/wp\/v2\/types\/page"}],"author":[{"embeddable":true,"href":"https:\/\/gasikaranews.com\/malagasy\/wp-json\/wp\/v2\/users\/2"}],"replies":[{"embeddable":true,"href":"https:\/\/gasikaranews.com\/malagasy\/wp-json\/wp\/v2\/comments?post=1062"}],"version-history":[{"count":1,"href":"https:\/\/gasikaranews.com\/malagasy\/wp-json\/wp\/v2\/pages\/1062\/revisions"}],"predecessor-version":[{"id":1063,"href":"https:\/\/gasikaranews.com\/malagasy\/wp-json\/wp\/v2\/pages\/1062\/revisions\/1063"}],"wp:attachment":[{"href":"https:\/\/gasikaranews.com\/malagasy\/wp-json\/wp\/v2\/media?parent=1062"}],"curies":[{"name":"wp","href":"https:\/\/api.w.org\/{rel}","templated":true}]}}